{"id":26,"date":"2013-03-17T16:55:25","date_gmt":"2013-03-17T15:55:25","guid":{"rendered":"http:\/\/ghsv-holzhausen.bplaced.net\/?page_id=26"},"modified":"2013-03-17T16:55:25","modified_gmt":"2013-03-17T15:55:25","slug":"gastebuch","status":"publish","type":"page","link":"https:\/\/www.sv-og-holzhausen.de\/?page_id=26","title":{"rendered":"G\u00e4stebuch"},"content":{"rendered":"<p>Wir freuen uns immer \u00fcber einen neuen Eintrag in unser G\u00e4stebuch.<\/p>\n\t<div id=\"respond\" class=\"comment-respond\">\n\t\t<h3 id=\"reply-title\" class=\"comment-reply-title\">Schreibe einen Kommentar <small><a rel=\"nofollow\" id=\"cancel-comment-reply-link\" href=\"\/index.php?rest_route=%2Fwp%2Fv2%2Fpages%2F26#respond\" style=\"display:none;\">Antwort abbrechen<\/a><\/small><\/h3><form action=\"https:\/\/www.sv-og-holzhausen.de\/wp-comments-post.php\" method=\"post\" id=\"commentform\" class=\"comment-form\"><p class=\"comment-notes\"><span id=\"email-notes\">Deine E-Mail-Adresse wird nicht ver\u00f6ffentlicht.<\/span> <span class=\"required-field-message\">Erforderliche Felder sind mit <span class=\"required\">*<\/span> markiert<\/span><\/p><p class=\"comment-form-comment\"><label for=\"comment\">Kommentar <span class=\"required\">*<\/span><\/label> <textarea id=\"comment\" name=\"comment\" cols=\"45\" rows=\"8\" maxlength=\"65525\" required=\"required\"><\/textarea><\/p><p class=\"comment-form-author\"><label for=\"author\">Name <span class=\"required\">*<\/span><\/label> <input id=\"author\" name=\"author\" type=\"text\" value=\"\" size=\"30\" maxlength=\"245\" autocomplete=\"name\" required=\"required\" \/><\/p>\n<p class=\"comment-form-email\"><label for=\"email\">E-Mail-Adresse <span class=\"required\">*<\/span><\/label> <input id=\"email\" name=\"email\" type=\"text\" value=\"\" size=\"30\" maxlength=\"100\" aria-describedby=\"email-notes\" autocomplete=\"email\" required=\"required\" \/><\/p>\n<p class=\"comment-form-url\"><label for=\"url\">Website<\/label> <input id=\"url\" name=\"url\" type=\"text\" value=\"\" size=\"30\" maxlength=\"200\" autocomplete=\"url\" \/><\/p>\n<p class=\"comment-form-cookies-consent\"><input id=\"wp-comment-cookies-consent\" name=\"wp-comment-cookies-consent\" type=\"checkbox\" value=\"yes\" \/> <label for=\"wp-comment-cookies-consent\">Name, E-Mail-Adresse und Website in diesem Browser f\u00fcr meinen n\u00e4chsten Kommentar speichern.<\/label><\/p>\n<p class=\"form-submit\"><input name=\"submit\" type=\"submit\" id=\"submit\" class=\"submit\" value=\"Kommentar abschicken\" \/> <input type='hidden' name='comment_post_ID' value='26' id='comment_post_ID' \/>\n<input type='hidden' name='comment_parent' id='comment_parent' value='0' \/>\n<input type=\"hidden\" name=\"is_cgb_comment\" id=\"is_cgb_comment\" value=\"26\" \/><input type=\"hidden\" name=\"cgb_comments_status\" id=\"cgb_comments_status\" value=\"open\" \/><\/p><\/form>\t<\/div><!-- #respond -->\n\t\n","protected":false},"excerpt":{"rendered":"<p>Wir freuen uns immer \u00fcber einen neuen Eintrag in unser G\u00e4stebuch.<\/p>\n","protected":false},"author":2,"featured_media":0,"parent":0,"menu_order":16,"comment_status":"closed","ping_status":"closed","template":"onecolumn-page.php","meta":{"ngg_post_thumbnail":0,"footnotes":""},"class_list":["post-26","page","type-page","status-publish","hentry"],"_links":{"self":[{"href":"https:\/\/www.sv-og-holzhausen.de\/index.php?rest_route=\/wp\/v2\/pages\/26","targetHints":{"allow":["GET"]}}],"collection":[{"href":"https:\/\/www.sv-og-holzhausen.de\/index.php?rest_route=\/wp\/v2\/pages"}],"about":[{"href":"https:\/\/www.sv-og-holzhausen.de\/index.php?rest_route=\/wp\/v2\/types\/page"}],"author":[{"embeddable":true,"href":"https:\/\/www.sv-og-holzhausen.de\/index.php?rest_route=\/wp\/v2\/users\/2"}],"replies":[{"embeddable":true,"href":"https:\/\/www.sv-og-holzhausen.de\/index.php?rest_route=%2Fwp%2Fv2%2Fcomments&post=26"}],"version-history":[{"count":0,"href":"https:\/\/www.sv-og-holzhausen.de\/index.php?rest_route=\/wp\/v2\/pages\/26\/revisions"}],"wp:attachment":[{"href":"https:\/\/www.sv-og-holzhausen.de\/index.php?rest_route=%2Fwp%2Fv2%2Fmedia&parent=26"}],"curies":[{"name":"wp","href":"https:\/\/api.w.org\/{rel}","templated":true}]}}