{"id":67,"date":"2013-03-17T17:35:44","date_gmt":"2013-03-17T16:35:44","guid":{"rendered":"http:\/\/ghsv-holzhausen.bplaced.net\/?page_id=67"},"modified":"2017-10-25T12:44:48","modified_gmt":"2017-10-25T10:44:48","slug":"unterordnung","status":"publish","type":"page","link":"https:\/\/www.sv-og-holzhausen.de\/?page_id=67","title":{"rendered":"Abteilung B &#8211; Unterordnung"},"content":{"rendered":"<p><span style=\"color: #800000;\"><strong>Ausbildung zum verkehrssicheren Begleithund<\/strong><\/span><\/p>\n<p style=\"text-align: justify;\"><a href=\"https:\/\/www.sv-og-holzhausen.de\/wp-content\/uploads\/2013\/03\/842942_239359426200498_679772381_o.jpg\"><img decoding=\"async\" loading=\"lazy\" class=\"size-medium wp-image-169 alignleft\" alt=\"842942_239359426200498_679772381_o\" src=\"https:\/\/www.sv-og-holzhausen.de\/wp-content\/uploads\/2013\/03\/842942_239359426200498_679772381_o.jpg\" width=\"254\" height=\"169\" srcset=\"https:\/\/www.sv-og-holzhausen.de\/wp-content\/uploads\/2013\/03\/842942_239359426200498_679772381_o.jpg 2048w, https:\/\/www.sv-og-holzhausen.de\/wp-content\/uploads\/2013\/03\/842942_239359426200498_679772381_o-300x200.jpg 300w, https:\/\/www.sv-og-holzhausen.de\/wp-content\/uploads\/2013\/03\/842942_239359426200498_679772381_o-768x512.jpg 768w, https:\/\/www.sv-og-holzhausen.de\/wp-content\/uploads\/2013\/03\/842942_239359426200498_679772381_o-1024x683.jpg 1024w\" sizes=\"(max-width: 254px) 100vw, 254px\" \/><\/a>Diese Ausbildung stellt den Einstieg in den Hundesport dar. Ihr erfolgreiches Bestehen ist f\u00fcr den Schutzhunde-Sport eine grundlegende Voraussetzung.<\/p>\n<p style=\"text-align: justify;\">Die Begleithundpr\u00fcfung besteht aus zwei Teilen. Im ersten Teil werden auf dem \u00dcbungsplatz Leinenf\u00fchrigkeit und Unbefangenheit, Freifolge, Sitz aus der Bewegung und Ablegen in Verbindung mit Herankommen gepr\u00fcft. Im zweiten Teil wird die Verkehrssicherheit getestet. Der Hund geht angeleint und soll sich gegen\u00fcber Passanten und dichtem Verkehr gleichg\u00fcltig verhalten. Zur Pr\u00fcfung geh\u00f6rt au\u00dferdem, dass der Hund fest angebunden auf dem Gehweg einer m\u00e4\u00dfig belebten Stra\u00dfe zwei Minuten allein bleibt \u2013 Herrchen ist au\u00dfer Sichtweite \u2013 und weder Passanten noch andere Hunde anknurrt. Eine \u00dcberpr\u00fcfung der Schussgleichg\u00fcltigkeit findet nicht statt.<\/p>\n<p style=\"text-align: justify;\">Zur Pr\u00fcfung wird der Hund fr\u00fchestens im Alter von 15 Monaten zugelassen. F\u00fcr die Anerkennung der Pr\u00fcfung ist die Mitgliedschaft in einem VDH-anerkannten Verein notwendig.<\/p>\n<p><span style=\"color: #800000;\"><strong>Die Begleithundausbildung<\/strong><\/span><\/p>\n<p style=\"text-align: justify;\">Gerade in der heutigen Zeit haben Hundebesitzer h\u00e4ufig ein schweres Los zu tragen. Da w\u00e4ren nicht nur\u00a0 die oft erw\u00e4hnten \u201eHundehaufen\u201c auf \u00f6ffentlichen Wegen und Pl\u00e4tzen, sondern vor allem die vielen unerzogenen Hunde, die freilaufendoft eine Zumutung f\u00fcr alle hundeunerfahrenen oder gar \u00e4ngstlichen Menschen sind.<strong><a href=\"https:\/\/www.sv-og-holzhausen.de\/wp-content\/uploads\/2013\/03\/Unbenannt.jpg\"><img decoding=\"async\" loading=\"lazy\" class=\"size-medium wp-image-160 alignright\" alt=\"Unbenannt\" src=\"https:\/\/www.sv-og-holzhausen.de\/wp-content\/uploads\/2013\/03\/Unbenannt-300x291.jpg\" width=\"270\" height=\"260\" \/><\/a><\/strong><\/p>\n<p style=\"text-align: justify;\">Jeder Hund sollte ein Mindestma\u00df an Grund- erziehung erfahren. Dies macht ein Leben mit ihm viel leichter. Die Ausbildung zum Begleithund ist der richtige Weg um der \u00d6ffentlichkeit zu zeigen, dass der Hund nicht zur Bestie mutiert ist &#8211; wie es uns von den Medien oft eingeredet wird &#8211; sondern dass er noch immer des Menschen bester Freund ist.<\/p>\n<p>&nbsp;<\/p>\n<p>&nbsp;<\/p>\n<ul>\n<li><span style=\"color: #800000;\"><strong>Sie m\u00f6chten einen alltagstauglichen Familienhund ?<\/strong><\/span><\/li>\n<li><span style=\"color: #800000;\"><strong>Sie m\u00f6chten, dass ihr Hund ein Mindestma\u00df an Grunderziehung erh\u00e4lt ?<\/strong><\/span><\/li>\n<li><span style=\"color: #800000;\"><strong>Sie m\u00f6chten mehr \u00fcber das \u201eunbekannte Wesen &#8222;Hund&#8220; erfahren ?<\/strong><\/span><\/li>\n<\/ul>\n<p>Die Begleithundausbildung besteht im wesentlichen aus<br \/>\nzwei Schwerpunktbereichen :<\/p>\n<p style=\"text-align: justify;\"><strong> 1. Sachkundenachweis des Hundehalters :<\/strong><br \/>\nNicht nur der Hund lernt, auch Sie haben die M\u00f6glichkeit einen Sachkundenachweis analog den Regelungen zum VDH-Hundef\u00fchrerschein abzulegen. Der Sachkundenachweis ist Voraussetzung zur Teilnahme an der Begleithundpr\u00fcfung. Er besteht aus einem schriftlichen Test, der entweder am Tag der Begleithundpr\u00fcfung abgelegt werden kann oder bereits vorher w\u00e4hrend einer termingesch\u00fctzten Veranstaltung des Verbandes f\u00fcr das deutsche Hundewesen (VDH) abgelegt wurde.<\/p>\n<p style=\"text-align: justify;\"><strong>2. Begleithundausbildung mit Verhaltenstest :<\/strong><br \/>\nIm Laufe der Ausbildung erlernt ihr Hund die Grundkommandos \u201eSitz\u201c, \u201ePlatz\u201c, \u201eFu\u00df\u201c und \u201eHier\u201c. Er lernt Sozialvertr\u00e4glichkeit mit anderen Artgenossen sowie sich gegen\u00fcber Menschen freundlich zu verhalten. Ein weiterer Ausbildungsteil ist das sichere Bewegen im \u00f6ffentlichen Verkehrsraum. In einer Vielzahl von \u00dcbungen lernt ihr Hund sich neutral z. B. gegen\u00fcber Fahrradfahrern, Inline -Scatern oder Joggern zu verhalten. Durch diese<span style=\"color: #800000;\"><strong><a href=\"https:\/\/www.sv-og-holzhausen.de\/wp-content\/uploads\/2013\/03\/Unbenannt2.jpg\"><img decoding=\"async\" loading=\"lazy\" class=\"size-medium wp-image-161 alignright\" alt=\"Unbenannt2\" src=\"https:\/\/www.sv-og-holzhausen.de\/wp-content\/uploads\/2013\/03\/Unbenannt2-300x300.jpg\" width=\"241\" height=\"241\" srcset=\"https:\/\/www.sv-og-holzhausen.de\/wp-content\/uploads\/2013\/03\/Unbenannt2-300x300.jpg 300w, https:\/\/www.sv-og-holzhausen.de\/wp-content\/uploads\/2013\/03\/Unbenannt2-150x150.jpg 150w, https:\/\/www.sv-og-holzhausen.de\/wp-content\/uploads\/2013\/03\/Unbenannt2.jpg 645w\" sizes=\"(max-width: 241px) 100vw, 241px\" \/><\/a><\/strong><\/span>Ausbildung wird ihr Hund im Alltag sicher und beherrschbar. Nat\u00fcrlich k\u00f6nnen Sie ihren Hund auch ausbilden ohne am Ende eine Begleithundpr\u00fcfung zu absolvieren. Denn \u2026.. der sch\u00f6nste Erfolg ist doch, dass Sie solch einem gut erzogenen Hund viel mehr Freiheiten bieten k\u00f6nnen. Wenn Sie nun mit ihrem Hund im Park spazieren gehen und andere Spazierg\u00e4nger reagieren \u00e4ngstlich, dann rufen Sie Ihren Hund einfach zu sich, lassen ihn bei Fu\u00df laufen und ernten dann vielleicht noch ein Dankesch\u00f6n f\u00fcr ihre R\u00fccksichtnahme.<\/p>\n<p style=\"text-align: justify;\">Fals sie Interesse an einer Begleithundepr\u00fcfung oder einem Sachkundenachweis haben melden Sie sich <a href=\"https:\/\/www.sv-og-holzhausen.de\/?page_id=29\">hier<\/a>.<\/p>\n<p style=\"text-align: center;\"><a href=\"https:\/\/www.sv-og-holzhausen.de\/?page_id=65\">weiter zu Abteilung C &#8211; Schutzdienst<\/a><\/p>\n","protected":false},"excerpt":{"rendered":"<p>Ausbildung zum verkehrssicheren Begleithund Diese Ausbildung stellt den Einstieg in den Hundesport dar. Ihr erfolgreiches Bestehen ist f\u00fcr den Schutzhunde-Sport eine grundlegende Voraussetzung. Die Begleithundpr\u00fcfung besteht aus zwei Teilen. Im ersten Teil werden auf dem \u00dcbungsplatz Leinenf\u00fchrigkeit und Unbefangenheit, Freifolge, &hellip; <a href=\"https:\/\/www.sv-og-holzhausen.de\/?page_id=67\">Weiterlesen <span class=\"meta-nav\">&rarr;<\/span><\/a><\/p>\n","protected":false},"author":2,"featured_media":0,"parent":24,"menu_order":6,"comment_status":"closed","ping_status":"closed","template":"","meta":{"ngg_post_thumbnail":0,"footnotes":""},"_links":{"self":[{"href":"https:\/\/www.sv-og-holzhausen.de\/index.php?rest_route=\/wp\/v2\/pages\/67"}],"collection":[{"href":"https:\/\/www.sv-og-holzhausen.de\/index.php?rest_route=\/wp\/v2\/pages"}],"about":[{"href":"https:\/\/www.sv-og-holzhausen.de\/index.php?rest_route=\/wp\/v2\/types\/page"}],"author":[{"embeddable":true,"href":"https:\/\/www.sv-og-holzhausen.de\/index.php?rest_route=\/wp\/v2\/users\/2"}],"replies":[{"embeddable":true,"href":"https:\/\/www.sv-og-holzhausen.de\/index.php?rest_route=%2Fwp%2Fv2%2Fcomments&post=67"}],"version-history":[{"count":4,"href":"https:\/\/www.sv-og-holzhausen.de\/index.php?rest_route=\/wp\/v2\/pages\/67\/revisions"}],"predecessor-version":[{"id":938,"href":"https:\/\/www.sv-og-holzhausen.de\/index.php?rest_route=\/wp\/v2\/pages\/67\/revisions\/938"}],"up":[{"embeddable":true,"href":"https:\/\/www.sv-og-holzhausen.de\/index.php?rest_route=\/wp\/v2\/pages\/24"}],"wp:attachment":[{"href":"https:\/\/www.sv-og-holzhausen.de\/index.php?rest_route=%2Fwp%2Fv2%2Fmedia&parent=67"}],"curies":[{"name":"wp","href":"https:\/\/api.w.org\/{rel}","templated":true}]}}