{"id":68,"date":"2013-03-17T17:36:03","date_gmt":"2013-03-17T16:36:03","guid":{"rendered":"http:\/\/ghsv-holzhausen.bplaced.net\/?page_id=68"},"modified":"2017-10-25T12:42:34","modified_gmt":"2017-10-25T10:42:34","slug":"fahrte","status":"publish","type":"page","link":"https:\/\/www.sv-og-holzhausen.de\/?page_id=68","title":{"rendered":"Abteilung A &#8211; F\u00e4hrte"},"content":{"rendered":"<p><span style=\"color: #800000;\"><strong>Warum F\u00e4hrtenarbeit mit dem Hund?<\/strong><\/span><\/p>\n<p style=\"text-align: justify;\">Ein Hund braucht Besch\u00e4ftigung. Er braucht eine Aufgabe, die ihm Spa\u00df macht und seine Lebensqualit\u00e4t steigert. Stellen Sie sich einmal vor, Sie h\u00e4ttenkeine Aufgaben -nichts, womit Sie sich besch\u00e4ftigen k\u00f6nnten. Ihr Leben w\u00e4re doch ziemlich langweilig und Sie w\u00fcrden missmutig, unwillig oder aggressiv.<\/p>\n<p><span style=\"color: #800000;\"><strong>F\u00e4hrtenhunde: Der richtige Riecher entscheidet<\/strong><\/span><\/p>\n<p style=\"text-align: justify;\">Was Menschen mit den Augen erfassen, \u201esieht\u201c der Hund durch die Nase: Informationen<br \/>\n\u00fcber seine Umwelt, aus denen im Hundehirn deren genaues Abbild entsteht.<br \/>\nDie Anatomie seiner Nase gibt dem Hund diesen Vorteil. <a href=\"https:\/\/www.sv-og-holzhausen.de\/wp-content\/uploads\/2013\/03\/Unbenannt4.jpg\"><img loading=\"lazy\" decoding=\"async\" class=\"size-medium wp-image-172 alignright\" alt=\"Unbenannt4\" src=\"https:\/\/www.sv-og-holzhausen.de\/wp-content\/uploads\/2013\/03\/Unbenannt4-196x300.jpg\" width=\"196\" height=\"300\" srcset=\"https:\/\/www.sv-og-holzhausen.de\/wp-content\/uploads\/2013\/03\/Unbenannt4-196x300.jpg 196w, https:\/\/www.sv-og-holzhausen.de\/wp-content\/uploads\/2013\/03\/Unbenannt4.jpg 238w\" sizes=\"auto, (max-width: 196px) 100vw, 196px\" \/><\/a>Drei Naseng\u00e4nge unterschiedlicher Weite, Ausformung und L\u00e4nge bilden beim Deutschen Sch\u00e4ferhund das Riechfeld. Dadurch kann das Tier die beim Atmen einstr\u00f6mende Luft noch aus 150 Zentimeter Entfernung auf geringste Geruchseindr\u00fccke untersuchen. Beginnt der Hund dann noch intensiv zu schn\u00fcffeln, sorgt die h\u00f6here Frequenz des Atemholens daf\u00fcr, dass bestimmte Ger\u00fcche noch genauer identifiziert werden.<\/p>\n<p style=\"text-align: justify;\">Dieser Geruchssinn erkl\u00e4rt die F\u00e4higkeit vieler Hunde, auf einer Duftspur das Zuhause wieder zu finden. Auf ihm basiert die Sp\u00fcrleistung, Hunde zu den unentbehrlichen Helfern auf der Suche nach Versch\u00fctteten, vermissten Personen und verscharrten Opfern eines Verbrechens zu machen. Auch Erfolge bei der Rauschgift- oder Sprengstoff Fahndung h\u00e4ngen von der feinen Hundenase ab.<\/p>\n<p style=\"text-align: justify;\">Allerdings: Kein Tier kommt bereits als fertiger F\u00e4hrtenhund zur Welt \u2013 erst sein menschlicher Ausbilder macht ihn dazu. Er muss ihm vor allem beibringen, sich beim Absuchen einer Spur nicht durch andere Geruchseindr\u00fccke ablenken zu lassen. Hat der Hund dann auch noch eine Veranlagung zum F\u00e4hrtenlesen, kann mit seiner Ausbildung relativ fr\u00fch begonnen werden: Im Gegensatz zu anderen von Gebrauchshunden geforderten Leistungen belastet Spurensuche den Hundek\u00f6rper nicht extrem. F\u00fcr die Entwicklung von K\u00f6rperbau, B\u00e4ndern und Gelenken stellt sie deshalb auch kein Risiko dar. Schon das heranwachsende Tier kann behutsam, ohne \u00dcberanstrengung zur F\u00e4hrtenarbeit erzogen werden.<\/p>\n<p style=\"text-align: justify;\">Ein gro\u00dfer Schritt in Richtung der ersten Pr\u00fcfung als F\u00e4hrtenhund ist damit getan. Dieses<br \/>\nExamen gibt es als selbst\u00e4ndige Pr\u00fcfungsart (FH1 und FH2), immer aber ist F\u00e4hrtenarbeit<br \/>\nauch Bestandteil jeder Vielseitigkeits- bzw. Schutzhundpr\u00fcfung. Auf Veranstaltungen unseres Vereins ist daf\u00fcr die Pr\u00fcfungsordnung des VDH ma\u00dfgeblich. Sie legt ihre einzelnen Bestandteile und das Alter der F\u00e4hrte je nach Schwierigkeitsgrad der Pr\u00fcfungsstufe fest, ebenso ob einer sogenannten Eigen- oder einer Fremdf\u00e4hrte nachgesp\u00fcrt werden soll.<\/p>\n<p><span style=\"color: #800000;\"><strong>Grunds\u00e4tzlich k\u00f6nnen alle Hunde zum F\u00e4hrtenhund ausgebildet<\/strong><\/span><br \/>\n<span style=\"color: #800000;\"> <strong>werden.<\/strong><\/span><\/p>\n<p>Das Alter des Hundes ist dabei nicht sehr wichtig, doch auch hier gilt: &#8222;Fr\u00fch \u00fcbt sich.&#8220; So kann man schon mit einem Hund im Alter von 2-3 Monaten mit der F\u00e4hrtenarbeit beginnen. Aber auch \u00e4lteren Hunden kann diese F\u00e4higkeit immer noch antrainiert <a href=\"https:\/\/www.sv-og-holzhausen.de\/wp-content\/uploads\/2013\/03\/Unbenannt5.jpg\"><img loading=\"lazy\" decoding=\"async\" class=\"size-medium wp-image-173 alignleft\" alt=\"Unbenannt5\" src=\"https:\/\/www.sv-og-holzhausen.de\/wp-content\/uploads\/2013\/03\/Unbenannt5-300x227.jpg\" width=\"288\" height=\"218\" srcset=\"https:\/\/www.sv-og-holzhausen.de\/wp-content\/uploads\/2013\/03\/Unbenannt5-300x227.jpg 300w, https:\/\/www.sv-og-holzhausen.de\/wp-content\/uploads\/2013\/03\/Unbenannt5.jpg 342w\" sizes=\"auto, (max-width: 288px) 100vw, 288px\" \/><\/a>werden. Die F\u00e4hrtenarbeit ist ein Hundesport f\u00fcr jung und alt und : sie ist reine Flei\u00dfarbeit. In jedem Fall ist F\u00e4hrtenhundausbildung ein sehr zeitaufwendiges Hobby. Je nach Veranlagung und Vorhaben kann man entweder t\u00e4glich \u00fcben oder auch nur 2-3 Mal w\u00f6chentlich. Es lohnt sich aber und macht ungeheuren Spa\u00df!<\/p>\n<p>&nbsp;<\/p>\n<p><span style=\"color: #800000;\"><strong>Wie sucht der Hund die F\u00e4hrte?<\/strong><\/span><\/p>\n<p><span style=\"color: #000000;\"><strong>Der Hochwindsucher:<\/strong><\/span><br \/>\nDieser Hund interessiert sich weniger f\u00fcr die Ger\u00fcche am Boden, als vielmehr f\u00fcr die<br \/>\nGer\u00fcche, die in der Luft schweben. Er sucht nach der Geruchsquelle und folgt dabei mit<br \/>\nerhobenem Kopf der &#8222;Luftf\u00e4hrte&#8220;. Dieses Bild hat jeder von uns schon einmal gesehen &#8211;<br \/>\nwenn dem Hund ein Geruch in die Nase kommt, er diesen schnuppernd aufnimmt und<br \/>\nfolgt.<\/p>\n<p style=\"text-align: justify;\"><span style=\"color: #000000;\"><strong>Der Sp\u00fcrhund:<\/strong><\/span><br \/>\nEr richtet sich nach den Hautduftstoffen von Lebewesen, die sich entlang einer Spur und<br \/>\nbis ca. 60 cm \u00fcber dem Boden befinden. Deshalb sucht er mehr mit halb hoher Nase. Dieser Typ Hund ist nicht &#8222;Spurentreu&#8220;. Um eine F\u00e4hrte zu verfolgen pendelt er h\u00e4ufig,<br \/>\nk\u00fcrzt ab, \u00fcberschie\u00dft leicht Richtungs\u00e4nderungen. Teilweise bewegt er sich auch<br \/>\ndeutlich versetzt zur eigentlichen Spur.<\/p>\n<p><span style=\"color: #000000;\"><strong>Der F\u00e4hrtenhund:<\/strong><\/span><\/p>\n<p><a href=\"https:\/\/www.sv-og-holzhausen.de\/wp-content\/uploads\/2013\/03\/Unbenannt6.jpg\"><img loading=\"lazy\" decoding=\"async\" class=\"size-medium wp-image-174 alignleft\" alt=\"Unbenannt6\" src=\"https:\/\/www.sv-og-holzhausen.de\/wp-content\/uploads\/2013\/03\/Unbenannt6-300x247.jpg\" width=\"231\" height=\"190\" srcset=\"https:\/\/www.sv-og-holzhausen.de\/wp-content\/uploads\/2013\/03\/Unbenannt6-300x247.jpg 300w, https:\/\/www.sv-og-holzhausen.de\/wp-content\/uploads\/2013\/03\/Unbenannt6.jpg 405w\" sizes=\"auto, (max-width: 231px) 100vw, 231px\" \/><\/a><\/p>\n<p style=\"text-align: justify;\">Er orientiert sich vorwiegend anhand der Bodenverletzung, die durch Fu\u00dfabdr\u00fccke erzeugt werden. Dieser Hundetyp folgt mit tiefer Nase dem jeweiligen Eigengeruch der F\u00e4hrte. Er ist f\u00fcr unsere Zwecke am besten geeignet, denn er ist Spurentreu und l\u00e4sst sich auch durch Wind und Wetter nur wenig beeinflussen.<\/p>\n<p>&nbsp;<\/p>\n<p><strong><span style=\"color: #800000;\">Welche Ger\u00fcche gibt es?<\/span><\/strong><\/p>\n<p style=\"text-align: justify;\"><span style=\"color: #000000;\"><strong>1. Individualgeruch:<\/strong><\/span><br \/>\nWenn jemand eine F\u00e4hrte legt, werden hierdurch bestimmte Ger\u00fcche freigesetzt. Das k\u00f6nnen z.B. Schwei\u00df, Parf\u00fcm, Kleidergeruch, Zigarettengeruch etc. sein. Also alles Ger\u00fcche, die von der Person selbst ausgehen, man nennt diese Ger\u00fcche den Individualgeruch. Nachteil dieses Geruchs ist eindeutig, dass er in der Regel bis ca. 60 cm \u00fcber dem Boden schwebt und deshalb vom Wind leicht weggetragen werden kann. Selbst an windstillen Tagen h\u00e4lt sich dieser Geruch nicht l\u00e4nger als ca. 30 Min. in der Luft.<\/p>\n<p style=\"text-align: justify;\"><span style=\"color: #000000;\"><strong>2. Bodenverletzung:<\/strong><\/span><br \/>\nDie Bodenverletzung findet statt, sobald eine F\u00e4hrte gelegt ist. Durch Fu\u00dfabdr\u00fccke wird jeder Boden in verschiedener Weise ver\u00e4ndert, verletzt. Es gibt die Ger\u00fcche, die durch die Ver\u00e4nderung der Erdkruste (z.B. blanker Acker) freigesetzt werden, dann den Geruch von verletzten Pflanzen (Acker mit Saat, Wiesen etc.) und zu guter letzt haben wir dort noch die Mikroorganismen, welche durch den Fu\u00dfabdruck zerdr\u00fcckt werden. Die Ger\u00fcche, die \u00fcber die Bodenverletzung entstehen, bleiben f\u00fcr den Hund am l\u00e4ngsten erhalten. Je nach Witterung k\u00f6nnen sie sich sogar \u00fcber mehrere Tage halten. Eine mit Gummistiefeln gelegte F\u00e4hrte kann kaum menschlichen Geruch annehmen, und so k\u00f6nnen nur geringe Mengen an Duftstoffen auf den Boden gelangen. Der Aufbau in der F\u00e4hrtenarbeit sollte deshalb so erfolgen, dass der Hund sich in erster Linie an dem Geruchsfeld der Bodenverletzung orientiert und in zweiter Linie an dem Individualgeruch des F\u00e4hrtenlegers. Der Hund sollte von Anfang an lernen, eine F\u00e4hrte ruhig, konzentriert und mit tiefer Nase auszuarbeiten. Dabei sollte er den einmal aufgenommenen Mischgeruch von Anfang bis zum Ende konsequent verfolgen. Mit regelm\u00e4\u00dfiger \u00dcbung steigern Sie die Arbeitsf\u00e4higkeit des Hundes, sein Geruchged\u00e4chtnis und das Unterscheidungsverm\u00f6gen.<\/p>\n<p><span style=\"color: #800000;\"><strong>Gute F\u00e4hrte &#8211; der halbe Erfolg<\/strong><\/span><\/p>\n<p><a href=\"https:\/\/www.sv-og-holzhausen.de\/?page_id=67\">weiter zu Abteilung B &#8211; Unterordnung<\/a><\/p>\n","protected":false},"excerpt":{"rendered":"<p>Warum F\u00e4hrtenarbeit mit dem Hund? Ein Hund braucht Besch\u00e4ftigung. Er braucht eine Aufgabe, die ihm Spa\u00df macht und seine Lebensqualit\u00e4t steigert. Stellen Sie sich einmal vor, Sie h\u00e4ttenkeine Aufgaben -nichts, womit Sie sich besch\u00e4ftigen k\u00f6nnten. Ihr Leben w\u00e4re doch ziemlich &hellip; <a href=\"https:\/\/www.sv-og-holzhausen.de\/?page_id=68\">Weiterlesen <span class=\"meta-nav\">&rarr;<\/span><\/a><\/p>\n","protected":false},"author":2,"featured_media":0,"parent":24,"menu_order":3,"comment_status":"closed","ping_status":"closed","template":"","meta":{"ngg_post_thumbnail":0,"footnotes":""},"class_list":["post-68","page","type-page","status-publish","hentry"],"_links":{"self":[{"href":"https:\/\/www.sv-og-holzhausen.de\/index.php?rest_route=\/wp\/v2\/pages\/68","targetHints":{"allow":["GET"]}}],"collection":[{"href":"https:\/\/www.sv-og-holzhausen.de\/index.php?rest_route=\/wp\/v2\/pages"}],"about":[{"href":"https:\/\/www.sv-og-holzhausen.de\/index.php?rest_route=\/wp\/v2\/types\/page"}],"author":[{"embeddable":true,"href":"https:\/\/www.sv-og-holzhausen.de\/index.php?rest_route=\/wp\/v2\/users\/2"}],"replies":[{"embeddable":true,"href":"https:\/\/www.sv-og-holzhausen.de\/index.php?rest_route=%2Fwp%2Fv2%2Fcomments&post=68"}],"version-history":[{"count":4,"href":"https:\/\/www.sv-og-holzhausen.de\/index.php?rest_route=\/wp\/v2\/pages\/68\/revisions"}],"predecessor-version":[{"id":935,"href":"https:\/\/www.sv-og-holzhausen.de\/index.php?rest_route=\/wp\/v2\/pages\/68\/revisions\/935"}],"up":[{"embeddable":true,"href":"https:\/\/www.sv-og-holzhausen.de\/index.php?rest_route=\/wp\/v2\/pages\/24"}],"wp:attachment":[{"href":"https:\/\/www.sv-og-holzhausen.de\/index.php?rest_route=%2Fwp%2Fv2%2Fmedia&parent=68"}],"curies":[{"name":"wp","href":"https:\/\/api.w.org\/{rel}","templated":true}]}}